{"id":1708,"date":"2023-09-22T06:14:15","date_gmt":"2023-09-22T06:14:15","guid":{"rendered":"http:\/\/renata.bold-themes.com\/demo-01\/?page_id=1708"},"modified":"2026-03-10T15:42:45","modified_gmt":"2026-03-10T16:42:45","slug":"footer-2","status":"publish","type":"page","link":"https:\/\/aquaclubtermal.com\/en\/footer-2\/","title":{"rendered":"Footer"},"content":{"rendered":"<section data-bb-version=\"5.5.4\" id=\"bt_bb_section69e4b1e9dc7dc\" class=\"bt_bb_section bt_bb_color_scheme_9 bt_bb_layout_boxed_1800 bt_bb_vertical_align_top bt_bb_top_spacing_extra_large bt_bb_bottom_spacing_medium\" style=\"; --section-primary-color:var(--light-color); --section-secondary-color:var(--dark-color);\" data-bt-override-class=\"{&quot;bt_bb_top_spacing_&quot;:{&quot;current_class&quot;:&quot;bt_bb_top_spacing_extra_large&quot;,&quot;def&quot;:&quot;extra_large&quot;},&quot;bt_bb_bottom_spacing_&quot;:{&quot;current_class&quot;:&quot;bt_bb_bottom_spacing_medium&quot;,&quot;def&quot;:&quot;medium&quot;}}\"><div class=\"bt_bb_background_image_holder_wrapper\"><div class=\"bt_bb_background_image_holder btLazyLoadBackground bt_bb_parallax\"  data-background_image_src=\"https:\/\/aquaclubtermal.com\/wp-content\/uploads\/2026\/03\/white_check_mark.png\" data-parallax=\"0.8\" data-parallax-offset=\"0\" data-parallax-zoom-start=\"1\" data-parallax-zoom-end=\"1\" data-parallax-blur-start=\"0\" data-parallax-blur-end=\"0\" data-parallax-opacity-start=\"1\" data-parallax-opacity-end=\"1\" style=\" background-image: url(&#039;https:\/\/aquaclubtermal.com\/wp-content\/plugins\/bold-page-builder\/img\/blank.gif&#039;);\"><\/div><\/div><div class=\"bt_bb_port\"><div class=\"bt_bb_cell\"><div class=\"bt_bb_cell_inner\"><div data-bb-version=\"4.6.1\" class=\"bt_bb_row\"  data-bt-override-class=\"{}\"><div class=\"bt_bb_row_holder\" ><div data-bb-version=\"4.6.1\"  class=\"bt_bb_column col-xxl-12 col-xl-12 col-xs-12 col-sm-12 col-md-12 col-lg-12 bt_bb_vertical_align_top bt_bb_align_left bt_bb_padding_normal\" style=\"; --column-width:12;\" data-width=\"12\" data-bt-override-class=\"{}\"><div class=\"bt_bb_column_content\"><div class=\"bt_bb_column_content_inner\"><\/div><\/div><\/div><\/div><\/div><div class=\"bt_bb_row\"  data-bt-override-class=\"{}\"><div class=\"bt_bb_row_holder\" ><div data-bb-version=\"4.6.1\"  class=\"bt_bb_column col-xxl-12 col-xl-12 col-xs-12 col-sm-12 col-md-12 col-lg-12 bt_bb_vertical_align_top bt_bb_align_center bt_bb_padding_none bt_bb_animation_fade_in move_up animate\" style=\"; --column-width:12;\" data-width=\"12\" data-bt-override-class=\"{&quot;bt_bb_align_&quot;:{&quot;current_class&quot;:&quot;bt_bb_align_center&quot;,&quot;def&quot;:&quot;center&quot;},&quot;bt_bb_padding_&quot;:{&quot;current_class&quot;:&quot;bt_bb_padding_none&quot;,&quot;def&quot;:&quot;none&quot;}}\"><div class=\"bt_bb_column_content\"><div class=\"bt_bb_column_content_inner\"><header data-bb-version=\"4.9.8\" class=\"bt_bb_headline bt_bb_dash_none bt_bb_size_normal bt_bb_align_inherit bt_bb_margin_right_none bt_bb_hidden_xs bt_bb_hidden_ms\" data-bt-override-class=\"{&quot;bt_bb_size_&quot;:{&quot;current_class&quot;:&quot;bt_bb_size_normal&quot;,&quot;def&quot;:&quot;normal&quot;},&quot;bt_bb_align_&quot;:{&quot;current_class&quot;:&quot;bt_bb_align_inherit&quot;,&quot;def&quot;:&quot;inherit&quot;},&quot;bt_bb_margin_right_&quot;:{&quot;current_class&quot;:&quot;bt_bb_margin_right_none&quot;,&quot;def&quot;:&quot;none&quot;}}\"><h1 style=\"font-size:14.5vw\" class=\"bt_bb_headline_tag\"><span class=\"bt_bb_headline_content\"><span>LIVE AQUA<\/span><\/span><\/h1><\/header><header data-bb-version=\"4.9.8\" class=\"bt_bb_headline bt_bb_dash_none bt_bb_size_inherit bt_bb_align_inherit bt_bb_margin_right_none bt_bb_margin_right_none bt_bb_hidden_sm bt_bb_hidden_md bt_bb_hidden_lg bt_bb_hidden_xl\" data-bt-override-class=\"{&quot;bt_bb_size_&quot;:{&quot;current_class&quot;:&quot;bt_bb_size_inherit&quot;,&quot;def&quot;:&quot;inherit&quot;},&quot;bt_bb_align_&quot;:{&quot;current_class&quot;:&quot;bt_bb_align_inherit&quot;,&quot;def&quot;:&quot;inherit&quot;},&quot;bt_bb_margin_right_&quot;:{&quot;current_class&quot;:&quot;bt_bb_margin_right_none&quot;,&quot;def&quot;:&quot;none&quot;}}\"><h1 style=\"font-size:14.5vw\" class=\"bt_bb_headline_tag\"><span class=\"bt_bb_headline_content\"><span>LIVE AQUA<\/span><\/span><\/h1><\/header><div data-bb-version=\"4.6.1\" class=\"bt_bb_separator_v2 bt_bb_border_style_none bt_bb_top_spacing_none bt_bb_bottom_spacing_large bt_bb_border_thickness_1 bt_bb_icon_size_normal bt_bb_text_size_normal bt_bb_separator_v2_without_content\" data-bt-override-class=\"{&quot;bt_bb_top_spacing_&quot;:{&quot;current_class&quot;:&quot;bt_bb_top_spacing_none&quot;,&quot;def&quot;:&quot;none&quot;},&quot;bt_bb_bottom_spacing_&quot;:{&quot;current_class&quot;:&quot;bt_bb_bottom_spacing_large&quot;,&quot;def&quot;:&quot;large&quot;,&quot;lg&quot;:&quot;none&quot;,&quot;md&quot;:&quot;none&quot;,&quot;sm&quot;:&quot;none&quot;,&quot;xs&quot;:&quot;none&quot;},&quot;bt_bb_border_thickness_&quot;:{&quot;current_class&quot;:&quot;bt_bb_border_thickness_1&quot;,&quot;def&quot;:&quot;1&quot;},&quot;bt_bb_icon_size_&quot;:{&quot;current_class&quot;:&quot;bt_bb_icon_size_normal&quot;,&quot;def&quot;:&quot;normal&quot;},&quot;bt_bb_text_size_&quot;:{&quot;current_class&quot;:&quot;bt_bb_text_size_normal&quot;,&quot;def&quot;:&quot;normal&quot;}}\"><div class=\"bt_bb_separator_v2_inner\"><span class=\"bt_bb_separator_v2_inner_before\"><\/span><span class=\"bt_bb_separator_v2_inner_content\"><span  data-ico-=\"\" class=\"bt_bb_icon_holder\"><\/span><\/span><span class=\"bt_bb_separator_v2_inner_after\"><\/span><\/div><\/div><\/div><\/div><\/div><\/div><\/div><div data-bb-version=\"4.7.6\" class=\"bt_bb_row\" style=\"max-width: 1760px; margin: 0 auto;\" data-bt-override-class=\"{}\"><div class=\"bt_bb_row_holder\" ><div data-bb-version=\"4.7.6\"  class=\"bt_bb_column col-xxl-4 col-xl-4 col-xs-12 col-sm-12 col-md-12 col-lg-4 bt_bb_vertical_align_top bt_bb_align_left bt_bb_padding_none bt_bb_border_top_none bt_bb_border_bottom_none bt_bb_border_right_none bt_bb_border_left_none bt_bb_animation_fade_in move_up animate bt_bb_border_top_none bt_bb_border_bottom_none bt_bb_border_right_none bt_bb_border_left_none bt_bb_border_top_none bt_bb_border_bottom_none bt_bb_border_right_none bt_bb_border_left_none\" style=\"; --column-width:4;\" data-width=\"4\" data-bt-override-class=\"{&quot;bt_bb_align_&quot;:{&quot;current_class&quot;:&quot;bt_bb_align_left&quot;,&quot;def&quot;:&quot;left&quot;,&quot;md&quot;:&quot;center&quot;,&quot;sm&quot;:&quot;center&quot;,&quot;xs&quot;:&quot;center&quot;},&quot;bt_bb_padding_&quot;:{&quot;current_class&quot;:&quot;bt_bb_padding_none&quot;,&quot;def&quot;:&quot;none&quot;},&quot;bt_bb_border_top_&quot;:{&quot;current_class&quot;:&quot;bt_bb_border_top_none&quot;,&quot;def&quot;:&quot;none&quot;},&quot;bt_bb_border_bottom_&quot;:{&quot;current_class&quot;:&quot;bt_bb_border_bottom_none&quot;,&quot;def&quot;:&quot;none&quot;},&quot;bt_bb_border_right_&quot;:{&quot;current_class&quot;:&quot;bt_bb_border_right_none&quot;,&quot;def&quot;:&quot;none&quot;},&quot;bt_bb_border_left_&quot;:{&quot;current_class&quot;:&quot;bt_bb_border_left_none&quot;,&quot;def&quot;:&quot;none&quot;}}\"><div class=\"bt_bb_column_content\"><div class=\"bt_bb_column_content_inner\"><header data-bb-version=\"5.0.1\" class=\"bt_bb_headline bt_bb_dash_none bt_bb_superheadline bt_bb_size_large bt_bb_align_left bt_bb_margin_right_none bt_bb_margin_right_none bt_bb_margin_right_none btNoHeadline\" data-bt-override-class=\"{&quot;bt_bb_size_&quot;:{&quot;current_class&quot;:&quot;bt_bb_size_large&quot;,&quot;def&quot;:&quot;large&quot;},&quot;bt_bb_align_&quot;:{&quot;current_class&quot;:&quot;bt_bb_align_left&quot;,&quot;def&quot;:&quot;left&quot;,&quot;md&quot;:&quot;center&quot;,&quot;sm&quot;:&quot;center&quot;,&quot;xs&quot;:&quot;center&quot;},&quot;bt_bb_margin_right_&quot;:{&quot;current_class&quot;:&quot;bt_bb_margin_right_none&quot;,&quot;def&quot;:&quot;none&quot;}}\"><h5 style=\"font-size:14.6vw\" class=\"bt_bb_headline_tag\"><span class=\"bt_bb_headline_superheadline\">SCHEDULE:<\/span><\/h5><\/header><div data-bb-version=\"4.6.1\" class=\"bt_bb_separator_v2 bt_bb_border_style_none bt_bb_top_spacing_none bt_bb_bottom_spacing_small bt_bb_border_thickness_1 bt_bb_icon_size_normal bt_bb_text_size_normal bt_bb_separator_v2_without_content\" data-bt-override-class=\"{&quot;bt_bb_top_spacing_&quot;:{&quot;current_class&quot;:&quot;bt_bb_top_spacing_none&quot;,&quot;def&quot;:&quot;none&quot;},&quot;bt_bb_bottom_spacing_&quot;:{&quot;current_class&quot;:&quot;bt_bb_bottom_spacing_small&quot;,&quot;def&quot;:&quot;small&quot;},&quot;bt_bb_border_thickness_&quot;:{&quot;current_class&quot;:&quot;bt_bb_border_thickness_1&quot;,&quot;def&quot;:&quot;1&quot;},&quot;bt_bb_icon_size_&quot;:{&quot;current_class&quot;:&quot;bt_bb_icon_size_normal&quot;,&quot;def&quot;:&quot;normal&quot;},&quot;bt_bb_text_size_&quot;:{&quot;current_class&quot;:&quot;bt_bb_text_size_normal&quot;,&quot;def&quot;:&quot;normal&quot;}}\"><div class=\"bt_bb_separator_v2_inner\"><span class=\"bt_bb_separator_v2_inner_before\"><\/span><span class=\"bt_bb_separator_v2_inner_content\"><span  data-ico-=\"\" class=\"bt_bb_icon_holder\"><\/span><\/span><span class=\"bt_bb_separator_v2_inner_after\"><\/span><\/div><\/div><div data-bb-version=\"4.6.1\"  class=\"bt_bb_text bt_bb_font_size_16px\" ><\/p>\n<p style=\"text-align: left\">GYM<br \/>Mon\u2013Fri: 08:00h \u2013 21:00h<br \/>Sat: 09:00h \u2013 21:00h<br \/>Dom: 09:00h \u2013 14:00h<\/p>\n<p style=\"text-align: left\">SPA CIRCUIT<br \/>Lun-Vie: 10:00h \u2013 21:00h<\/p>\n<p style=\"text-align: left\">S\u00e1b-Dom: 09:00h-21:00h<\/p>\n<p style=\"text-align: left\">Ni\u00f1os de Lunes a Viernes de 10h a 12h (M\u00e1ximo hasta las 14h) y S\u00e1bados y Domingos de 09h a 10h (M\u00e1ximo hasta las 12h)<\/p>\n<p>\n<\/div><div data-bb-version=\"4.7.6\" class=\"bt_bb_separator_v2 bt_bb_border_style_none bt_bb_top_spacing_none bt_bb_bottom_spacing_medium bt_bb_border_thickness_1 bt_bb_icon_size_normal bt_bb_text_size_normal bt_bb_separator_v2_without_content\" data-bt-override-class=\"{&quot;bt_bb_top_spacing_&quot;:{&quot;current_class&quot;:&quot;bt_bb_top_spacing_none&quot;,&quot;def&quot;:&quot;none&quot;},&quot;bt_bb_bottom_spacing_&quot;:{&quot;current_class&quot;:&quot;bt_bb_bottom_spacing_medium&quot;,&quot;def&quot;:&quot;medium&quot;,&quot;md&quot;:&quot;normal&quot;,&quot;sm&quot;:&quot;normal&quot;,&quot;xs&quot;:&quot;normal&quot;},&quot;bt_bb_border_thickness_&quot;:{&quot;current_class&quot;:&quot;bt_bb_border_thickness_1&quot;,&quot;def&quot;:&quot;1&quot;},&quot;bt_bb_icon_size_&quot;:{&quot;current_class&quot;:&quot;bt_bb_icon_size_normal&quot;,&quot;def&quot;:&quot;normal&quot;},&quot;bt_bb_text_size_&quot;:{&quot;current_class&quot;:&quot;bt_bb_text_size_normal&quot;,&quot;def&quot;:&quot;normal&quot;}}\"><div class=\"bt_bb_separator_v2_inner\"><span class=\"bt_bb_separator_v2_inner_before\"><\/span><span class=\"bt_bb_separator_v2_inner_content\"><span  data-ico-=\"\" class=\"bt_bb_icon_holder\"><\/span><\/span><span class=\"bt_bb_separator_v2_inner_after\"><\/span><\/div><\/div><\/div><\/div><\/div><div data-bb-version=\"4.7.6\"  class=\"bt_bb_column col-xxl-4 col-xl-4 col-xs-12 col-sm-12 col-md-12 col-lg-4 bt_bb_vertical_align_top bt_bb_align_center bt_bb_padding_70 bt_bb_border_top_none bt_bb_border_bottom_none bt_bb_border_right_none bt_bb_border_left_none bt_bb_animation_fade_in move_up animate bt_bb_border_top_none bt_bb_border_bottom_none bt_bb_border_right_none bt_bb_border_left_none bt_bb_border_top_none bt_bb_border_bottom_none bt_bb_border_right_none bt_bb_border_left_none bt_bb_border_top_none bt_bb_border_bottom_none bt_bb_border_right_none bt_bb_border_left_none\" style=\"; --column-width:4;\" data-width=\"4\" data-bt-override-class=\"{&quot;bt_bb_align_&quot;:{&quot;current_class&quot;:&quot;bt_bb_align_center&quot;,&quot;def&quot;:&quot;center&quot;,&quot;md&quot;:&quot;center&quot;,&quot;sm&quot;:&quot;center&quot;,&quot;xs&quot;:&quot;center&quot;},&quot;bt_bb_padding_&quot;:{&quot;current_class&quot;:&quot;bt_bb_padding_70&quot;,&quot;def&quot;:&quot;70&quot;},&quot;bt_bb_border_top_&quot;:{&quot;current_class&quot;:&quot;bt_bb_border_top_none&quot;,&quot;def&quot;:&quot;none&quot;},&quot;bt_bb_border_bottom_&quot;:{&quot;current_class&quot;:&quot;bt_bb_border_bottom_none&quot;,&quot;def&quot;:&quot;none&quot;},&quot;bt_bb_border_right_&quot;:{&quot;current_class&quot;:&quot;bt_bb_border_right_none&quot;,&quot;def&quot;:&quot;none&quot;},&quot;bt_bb_border_left_&quot;:{&quot;current_class&quot;:&quot;bt_bb_border_left_none&quot;,&quot;def&quot;:&quot;none&quot;}}\"><div class=\"bt_bb_column_content\"><div class=\"bt_bb_column_content_inner\"><header data-bb-version=\"5.0.1\" class=\"bt_bb_headline bt_bb_dash_none bt_bb_superheadline bt_bb_size_large bt_bb_align_left bt_bb_margin_right_none bt_bb_margin_right_none bt_bb_margin_right_none bt_bb_margin_right_none btNoHeadline\" data-bt-override-class=\"{&quot;bt_bb_size_&quot;:{&quot;current_class&quot;:&quot;bt_bb_size_large&quot;,&quot;def&quot;:&quot;large&quot;},&quot;bt_bb_align_&quot;:{&quot;current_class&quot;:&quot;bt_bb_align_left&quot;,&quot;def&quot;:&quot;left&quot;,&quot;md&quot;:&quot;center&quot;,&quot;sm&quot;:&quot;center&quot;,&quot;xs&quot;:&quot;center&quot;},&quot;bt_bb_margin_right_&quot;:{&quot;current_class&quot;:&quot;bt_bb_margin_right_none&quot;,&quot;def&quot;:&quot;none&quot;}}\"><h5 style=\"font-size:14.6vw\" class=\"bt_bb_headline_tag\"><span class=\"bt_bb_headline_superheadline\">CONTACT:<\/span><\/h5><\/header><div data-bb-version=\"4.6.1\" class=\"bt_bb_separator_v2 bt_bb_border_style_none bt_bb_top_spacing_none bt_bb_bottom_spacing_small bt_bb_border_thickness_1 bt_bb_icon_size_normal bt_bb_text_size_normal bt_bb_separator_v2_without_content\" data-bt-override-class=\"{&quot;bt_bb_top_spacing_&quot;:{&quot;current_class&quot;:&quot;bt_bb_top_spacing_none&quot;,&quot;def&quot;:&quot;none&quot;},&quot;bt_bb_bottom_spacing_&quot;:{&quot;current_class&quot;:&quot;bt_bb_bottom_spacing_small&quot;,&quot;def&quot;:&quot;small&quot;},&quot;bt_bb_border_thickness_&quot;:{&quot;current_class&quot;:&quot;bt_bb_border_thickness_1&quot;,&quot;def&quot;:&quot;1&quot;},&quot;bt_bb_icon_size_&quot;:{&quot;current_class&quot;:&quot;bt_bb_icon_size_normal&quot;,&quot;def&quot;:&quot;normal&quot;},&quot;bt_bb_text_size_&quot;:{&quot;current_class&quot;:&quot;bt_bb_text_size_normal&quot;,&quot;def&quot;:&quot;normal&quot;}}\"><div class=\"bt_bb_separator_v2_inner\"><span class=\"bt_bb_separator_v2_inner_before\"><\/span><span class=\"bt_bb_separator_v2_inner_content\"><span  data-ico-=\"\" class=\"bt_bb_icon_holder\"><\/span><\/span><span class=\"bt_bb_separator_v2_inner_after\"><\/span><\/div><\/div><div data-bb-version=\"4.6.1\"  class=\"bt_bb_text bt_bb_font_size_16px\" ><\/p>\n<p style=\"text-align: left\">922 71 65 55<br \/><a href=\"mailto:recepcion@aquaclubtermal.com\">recepcion@aquaclubtermal.com<\/a><\/p>\n<p>\n<\/div><div data-bb-version=\"4.6.1\" class=\"bt_bb_separator_v2 bt_bb_border_style_none bt_bb_top_spacing_none bt_bb_bottom_spacing_extra_small bt_bb_border_thickness_1 bt_bb_icon_size_normal bt_bb_text_size_normal bt_bb_separator_v2_without_content\" data-bt-override-class=\"{&quot;bt_bb_top_spacing_&quot;:{&quot;current_class&quot;:&quot;bt_bb_top_spacing_none&quot;,&quot;def&quot;:&quot;none&quot;},&quot;bt_bb_bottom_spacing_&quot;:{&quot;current_class&quot;:&quot;bt_bb_bottom_spacing_extra_small&quot;,&quot;def&quot;:&quot;extra_small&quot;},&quot;bt_bb_border_thickness_&quot;:{&quot;current_class&quot;:&quot;bt_bb_border_thickness_1&quot;,&quot;def&quot;:&quot;1&quot;},&quot;bt_bb_icon_size_&quot;:{&quot;current_class&quot;:&quot;bt_bb_icon_size_normal&quot;,&quot;def&quot;:&quot;normal&quot;},&quot;bt_bb_text_size_&quot;:{&quot;current_class&quot;:&quot;bt_bb_text_size_normal&quot;,&quot;def&quot;:&quot;normal&quot;}}\"><div class=\"bt_bb_separator_v2_inner\"><span class=\"bt_bb_separator_v2_inner_before\"><\/span><span class=\"bt_bb_separator_v2_inner_content\"><span  data-ico-=\"\" class=\"bt_bb_icon_holder\"><\/span><\/span><span class=\"bt_bb_separator_v2_inner_after\"><\/span><\/div><\/div><div data-bb-version=\"5.4.7\" class=\"bt_bb_icon bt_bb_color_scheme_18 bt_bb_style_borderless bt_bb_size_large bt_bb_shape_circle bt_bb_target_blank bt_bb_text_empty bt_bb_align_left\" style=\"; --primary-color:var(--light-color); --secondary-color:var(--light-color);\" data-bt-override-class=\"{&quot;bt_bb_size_&quot;:{&quot;current_class&quot;:&quot;bt_bb_size_large&quot;,&quot;def&quot;:&quot;large&quot;},&quot;bt_bb_align_&quot;:{&quot;current_class&quot;:&quot;bt_bb_align_left&quot;,&quot;def&quot;:&quot;left&quot;}}\"><a href=\"https:\/\/www.instagram.com\/aquaclubtermal\/\"  target=\"_blank\"   data-ico-remixiconslogos=\"&#xe947;\" class=\"bt_bb_icon_holder\"><\/a><\/div><div data-bb-version=\"5.0.1\" class=\"bt_bb_icon bt_bb_color_scheme_18 bt_bb_style_borderless bt_bb_size_large bt_bb_shape_circle bt_bb_target_blank bt_bb_text_empty bt_bb_align_left\" style=\"; --primary-color:var(--light-color); --secondary-color:var(--light-color);\" data-bt-override-class=\"{&quot;bt_bb_size_&quot;:{&quot;current_class&quot;:&quot;bt_bb_size_large&quot;,&quot;def&quot;:&quot;large&quot;},&quot;bt_bb_align_&quot;:{&quot;current_class&quot;:&quot;bt_bb_align_left&quot;,&quot;def&quot;:&quot;left&quot;}}\"><a href=\"https:\/\/www.facebook.com\/aquaclubtermaltenerife\/?locale=es_ES\"  target=\"_blank\"   data-ico-remixiconslogos=\"&#xe92d;\" class=\"bt_bb_icon_holder\"><\/a><\/div><\/div><\/div><\/div><div data-bb-version=\"4.7.6\"  class=\"bt_bb_column col-xxl-4 col-xl-4 col-xs-12 col-sm-12 col-md-12 col-lg-4 bt_bb_vertical_align_top bt_bb_align_left bt_bb_padding_none bt_bb_border_top_none bt_bb_border_bottom_none bt_bb_border_right_none bt_bb_border_left_none bt_bb_animation_fade_in move_up animate bt_bb_border_top_none bt_bb_border_bottom_none bt_bb_border_right_none bt_bb_border_left_none bt_bb_border_top_none bt_bb_border_bottom_none bt_bb_border_right_none bt_bb_border_left_none bt_bb_border_top_none bt_bb_border_bottom_none bt_bb_border_right_none bt_bb_border_left_none bt_bb_border_top_none bt_bb_border_bottom_none bt_bb_border_right_none bt_bb_border_left_none\" style=\"; --column-width:4;\" data-width=\"4\" data-bt-override-class=\"{&quot;bt_bb_align_&quot;:{&quot;current_class&quot;:&quot;bt_bb_align_left&quot;,&quot;def&quot;:&quot;left&quot;,&quot;md&quot;:&quot;center&quot;,&quot;sm&quot;:&quot;center&quot;,&quot;xs&quot;:&quot;center&quot;},&quot;bt_bb_padding_&quot;:{&quot;current_class&quot;:&quot;bt_bb_padding_none&quot;,&quot;def&quot;:&quot;none&quot;},&quot;bt_bb_border_top_&quot;:{&quot;current_class&quot;:&quot;bt_bb_border_top_none&quot;,&quot;def&quot;:&quot;none&quot;},&quot;bt_bb_border_bottom_&quot;:{&quot;current_class&quot;:&quot;bt_bb_border_bottom_none&quot;,&quot;def&quot;:&quot;none&quot;},&quot;bt_bb_border_right_&quot;:{&quot;current_class&quot;:&quot;bt_bb_border_right_none&quot;,&quot;def&quot;:&quot;none&quot;},&quot;bt_bb_border_left_&quot;:{&quot;current_class&quot;:&quot;bt_bb_border_left_none&quot;,&quot;def&quot;:&quot;none&quot;}}\"><div class=\"bt_bb_column_content\"><div class=\"bt_bb_column_content_inner\"><header data-bb-version=\"5.0.1\" class=\"bt_bb_headline bt_bb_dash_none bt_bb_superheadline bt_bb_size_large bt_bb_align_left bt_bb_margin_right_none bt_bb_margin_right_none bt_bb_margin_right_none bt_bb_margin_right_none bt_bb_margin_right_none btNoHeadline\" data-bt-override-class=\"{&quot;bt_bb_size_&quot;:{&quot;current_class&quot;:&quot;bt_bb_size_large&quot;,&quot;def&quot;:&quot;large&quot;},&quot;bt_bb_align_&quot;:{&quot;current_class&quot;:&quot;bt_bb_align_left&quot;,&quot;def&quot;:&quot;left&quot;,&quot;md&quot;:&quot;center&quot;,&quot;sm&quot;:&quot;center&quot;,&quot;xs&quot;:&quot;center&quot;},&quot;bt_bb_margin_right_&quot;:{&quot;current_class&quot;:&quot;bt_bb_margin_right_none&quot;,&quot;def&quot;:&quot;none&quot;}}\"><h5 style=\"font-size:14.6vw\" class=\"bt_bb_headline_tag\"><span class=\"bt_bb_headline_superheadline\">ADRESS:<\/span><\/h5><\/header><div data-bb-version=\"4.6.1\" class=\"bt_bb_separator_v2 bt_bb_border_style_none bt_bb_top_spacing_none bt_bb_bottom_spacing_small bt_bb_border_thickness_1 bt_bb_icon_size_normal bt_bb_text_size_normal bt_bb_separator_v2_without_content\" data-bt-override-class=\"{&quot;bt_bb_top_spacing_&quot;:{&quot;current_class&quot;:&quot;bt_bb_top_spacing_none&quot;,&quot;def&quot;:&quot;none&quot;},&quot;bt_bb_bottom_spacing_&quot;:{&quot;current_class&quot;:&quot;bt_bb_bottom_spacing_small&quot;,&quot;def&quot;:&quot;small&quot;},&quot;bt_bb_border_thickness_&quot;:{&quot;current_class&quot;:&quot;bt_bb_border_thickness_1&quot;,&quot;def&quot;:&quot;1&quot;},&quot;bt_bb_icon_size_&quot;:{&quot;current_class&quot;:&quot;bt_bb_icon_size_normal&quot;,&quot;def&quot;:&quot;normal&quot;},&quot;bt_bb_text_size_&quot;:{&quot;current_class&quot;:&quot;bt_bb_text_size_normal&quot;,&quot;def&quot;:&quot;normal&quot;}}\"><div class=\"bt_bb_separator_v2_inner\"><span class=\"bt_bb_separator_v2_inner_before\"><\/span><span class=\"bt_bb_separator_v2_inner_content\"><span  data-ico-=\"\" class=\"bt_bb_icon_holder\"><\/span><\/span><span class=\"bt_bb_separator_v2_inner_after\"><\/span><\/div><\/div><div data-bb-version=\"4.6.1\"  class=\"bt_bb_text bt_bb_font_size_16px\" ><\/p>\n<p style=\"text-align: left\">Galicia Street, 6, 38660 Torvisca Alto,<br \/>Costa Adeje \u2013 Santa Cruz de Tenerife.<\/p>\n<p>\n<\/div><div data-bb-version=\"4.7.6\" class=\"bt_bb_separator_v2 bt_bb_border_style_none bt_bb_top_spacing_none bt_bb_bottom_spacing_medium bt_bb_border_thickness_1 bt_bb_icon_size_normal bt_bb_text_size_normal bt_bb_separator_v2_without_content\" data-bt-override-class=\"{&quot;bt_bb_top_spacing_&quot;:{&quot;current_class&quot;:&quot;bt_bb_top_spacing_none&quot;,&quot;def&quot;:&quot;none&quot;},&quot;bt_bb_bottom_spacing_&quot;:{&quot;current_class&quot;:&quot;bt_bb_bottom_spacing_medium&quot;,&quot;def&quot;:&quot;medium&quot;,&quot;md&quot;:&quot;normal&quot;,&quot;sm&quot;:&quot;normal&quot;,&quot;xs&quot;:&quot;normal&quot;},&quot;bt_bb_border_thickness_&quot;:{&quot;current_class&quot;:&quot;bt_bb_border_thickness_1&quot;,&quot;def&quot;:&quot;1&quot;},&quot;bt_bb_icon_size_&quot;:{&quot;current_class&quot;:&quot;bt_bb_icon_size_normal&quot;,&quot;def&quot;:&quot;normal&quot;},&quot;bt_bb_text_size_&quot;:{&quot;current_class&quot;:&quot;bt_bb_text_size_normal&quot;,&quot;def&quot;:&quot;normal&quot;}}\"><div class=\"bt_bb_separator_v2_inner\"><span class=\"bt_bb_separator_v2_inner_before\"><\/span><span class=\"bt_bb_separator_v2_inner_content\"><span  data-ico-=\"\" class=\"bt_bb_icon_holder\"><\/span><\/span><span class=\"bt_bb_separator_v2_inner_after\"><\/span><\/div><\/div><\/div><\/div><\/div><\/div><\/div><\/div><!-- cell_inner --><\/div><!-- cell --><\/div><!-- port --><\/section>","protected":false},"excerpt":{"rendered":"","protected":false},"author":2,"featured_media":0,"parent":0,"menu_order":0,"comment_status":"closed","ping_status":"closed","template":"","meta":{"_monsterinsights_skip_tracking":false,"_monsterinsights_sitenote_active":false,"_monsterinsights_sitenote_note":"","_monsterinsights_sitenote_category":0,"footnotes":""},"class_list":["post-1708","page","type-page","status-publish","hentry"],"_links":{"self":[{"href":"https:\/\/aquaclubtermal.com\/en\/wp-json\/wp\/v2\/pages\/1708","targetHints":{"allow":["GET"]}}],"collection":[{"href":"https:\/\/aquaclubtermal.com\/en\/wp-json\/wp\/v2\/pages"}],"about":[{"href":"https:\/\/aquaclubtermal.com\/en\/wp-json\/wp\/v2\/types\/page"}],"author":[{"embeddable":true,"href":"https:\/\/aquaclubtermal.com\/en\/wp-json\/wp\/v2\/users\/2"}],"replies":[{"embeddable":true,"href":"https:\/\/aquaclubtermal.com\/en\/wp-json\/wp\/v2\/comments?post=1708"}],"version-history":[{"count":23,"href":"https:\/\/aquaclubtermal.com\/en\/wp-json\/wp\/v2\/pages\/1708\/revisions"}],"predecessor-version":[{"id":6362,"href":"https:\/\/aquaclubtermal.com\/en\/wp-json\/wp\/v2\/pages\/1708\/revisions\/6362"}],"wp:attachment":[{"href":"https:\/\/aquaclubtermal.com\/en\/wp-json\/wp\/v2\/media?parent=1708"}],"curies":[{"name":"wp","href":"https:\/\/api.w.org\/{rel}","templated":true}]}}