{"id":6363,"date":"2026-03-11T13:48:05","date_gmt":"2026-03-11T14:48:05","guid":{"rendered":"https:\/\/aquaclubtermal.com\/?page_id=6363"},"modified":"2026-03-12T21:09:09","modified_gmt":"2026-03-12T22:09:09","slug":"landing-spa-de-noche","status":"publish","type":"page","link":"https:\/\/aquaclubtermal.com\/en\/landing-spa-de-noche\/","title":{"rendered":"Landing Spa de noche"},"content":{"rendered":"<section data-bb-version=\"5.5.4\" id=\"bt_bb_section69e796054a9fb\" class=\"bt_bb_section bt_bb_color_scheme_11 bt_bb_layout_boxed_1800 bt_bb_full_screen bt_bb_vertical_align_top bt_bb_video bt_bb_top_spacing_large bt_bb_bottom_spacing_medium\" style=\"; --section-primary-color:var(--light-color); --section-secondary-color:var(--transparent-color);\" data-bt-override-class=\"{&quot;bt_bb_top_spacing_&quot;:{&quot;current_class&quot;:&quot;bt_bb_top_spacing_large&quot;,&quot;def&quot;:&quot;large&quot;,&quot;md&quot;:&quot;large&quot;,&quot;sm&quot;:&quot;large&quot;,&quot;xs&quot;:&quot;large&quot;},&quot;bt_bb_bottom_spacing_&quot;:{&quot;current_class&quot;:&quot;bt_bb_bottom_spacing_medium&quot;,&quot;def&quot;:&quot;medium&quot;}}\"><video autoplay loop muted playsinline onplay=\"if ( window.bt_bb_video_callback ) { window.bt_bb_video_callback( this ); } else { let t = this; jQuery( document ).ready(function() { window.bt_bb_video_callback( t ); }); }\"><source src=\"https:\/\/aquaclubtermal.com\/wp-content\/uploads\/2026\/03\/AquaMayo2.webm\" type=\"video\/webm\"><\/video><div class=\"bt_bb_port\"><div class=\"bt_bb_cell\"><div class=\"bt_bb_cell_inner\"><div data-bb-version=\"4.6.1\" class=\"bt_bb_row\"  data-bt-override-class=\"{}\"><div class=\"bt_bb_row_holder\" ><div data-bb-version=\"4.6.1\"  class=\"bt_bb_column col-xxl-12 col-xl-12 col-xs-12 col-sm-12 col-md-12 col-lg-12 bt_bb_vertical_align_top bt_bb_align_left bt_bb_padding_normal\" style=\"; --column-width:12;\" data-width=\"12\" data-bt-override-class=\"{}\"><div class=\"bt_bb_column_content\"><div class=\"bt_bb_column_content_inner\"><div data-bb-version=\"5.5.4\" class=\"bt_bb_separator_v2 bt_bb_border_style_none bt_bb_color_scheme_28 bt_bb_top_spacing_small bt_bb_bottom_spacing_none bt_bb_border_thickness_2 bt_bb_icon_size_normal bt_bb_text_size_normal bt_bb_separator_v2_without_content\" style=\"; --primary-color:#fff; --secondary-color:#000;\" data-bt-override-class=\"{&quot;bt_bb_top_spacing_&quot;:{&quot;current_class&quot;:&quot;bt_bb_top_spacing_small&quot;,&quot;def&quot;:&quot;small&quot;},&quot;bt_bb_bottom_spacing_&quot;:{&quot;current_class&quot;:&quot;bt_bb_bottom_spacing_none&quot;,&quot;def&quot;:&quot;none&quot;},&quot;bt_bb_border_thickness_&quot;:{&quot;current_class&quot;:&quot;bt_bb_border_thickness_2&quot;,&quot;def&quot;:&quot;2&quot;},&quot;bt_bb_icon_size_&quot;:{&quot;current_class&quot;:&quot;bt_bb_icon_size_normal&quot;,&quot;def&quot;:&quot;normal&quot;},&quot;bt_bb_text_size_&quot;:{&quot;current_class&quot;:&quot;bt_bb_text_size_normal&quot;,&quot;def&quot;:&quot;normal&quot;}}\"><div class=\"bt_bb_separator_v2_inner\"><span class=\"bt_bb_separator_v2_inner_before\"><\/span><span class=\"bt_bb_separator_v2_inner_content\"><span  data-ico-=\"\" class=\"bt_bb_icon_holder\"><\/span><\/span><span class=\"bt_bb_separator_v2_inner_after\"><\/span><\/div><\/div><\/div><\/div><\/div><\/div><\/div><div data-bb-version=\"4.6.1\" class=\"bt_bb_row\"  data-bt-override-class=\"{}\"><div class=\"bt_bb_row_holder\" ><div data-bb-version=\"4.7.6\"  class=\"bt_bb_column col-xxl-4 col-xl-4 col-xs-12 col-sm-12 col-md-12 col-lg-4 bt_bb_vertical_align_middle bt_bb_align_left bt_bb_padding_50 bt_bb_border_top_none bt_bb_border_bottom_none bt_bb_border_right_none bt_bb_border_left_none bt_bb_border_top_none bt_bb_border_bottom_none bt_bb_border_right_none bt_bb_border_left_none\" style=\"; --column-width:4;\" data-width=\"4\" data-bt-override-class=\"{&quot;bt_bb_align_&quot;:{&quot;current_class&quot;:&quot;bt_bb_align_left&quot;,&quot;def&quot;:&quot;left&quot;},&quot;bt_bb_padding_&quot;:{&quot;current_class&quot;:&quot;bt_bb_padding_50&quot;,&quot;def&quot;:&quot;50&quot;},&quot;bt_bb_border_top_&quot;:{&quot;current_class&quot;:&quot;bt_bb_border_top_none&quot;,&quot;def&quot;:&quot;none&quot;},&quot;bt_bb_border_bottom_&quot;:{&quot;current_class&quot;:&quot;bt_bb_border_bottom_none&quot;,&quot;def&quot;:&quot;none&quot;},&quot;bt_bb_border_right_&quot;:{&quot;current_class&quot;:&quot;bt_bb_border_right_none&quot;,&quot;def&quot;:&quot;none&quot;},&quot;bt_bb_border_left_&quot;:{&quot;current_class&quot;:&quot;bt_bb_border_left_none&quot;,&quot;def&quot;:&quot;none&quot;}}\"><div class=\"bt_bb_column_content\"><div class=\"bt_bb_column_content_inner\"><\/div><\/div><\/div><div data-bb-version=\"4.7.6\"  class=\"bt_bb_column col-xxl-4 col-xl-4 col-xs-12 col-sm-12 col-md-12 col-lg-4 bt_bb_vertical_align_top bt_bb_align_left bt_bb_padding_none bt_bb_border_top_none bt_bb_border_bottom_none bt_bb_border_right_none bt_bb_border_left_none bt_bb_border_top_none bt_bb_border_bottom_none bt_bb_border_right_none bt_bb_border_left_none bt_bb_border_top_none bt_bb_border_bottom_none bt_bb_border_right_none bt_bb_border_left_none bt_bb_hidden_xs bt_bb_hidden_ms bt_bb_hidden_sm\" style=\"; --column-width:4;\" data-width=\"4\" data-bt-override-class=\"{&quot;bt_bb_align_&quot;:{&quot;current_class&quot;:&quot;bt_bb_align_left&quot;,&quot;def&quot;:&quot;left&quot;},&quot;bt_bb_padding_&quot;:{&quot;current_class&quot;:&quot;bt_bb_padding_none&quot;,&quot;def&quot;:&quot;none&quot;},&quot;bt_bb_border_top_&quot;:{&quot;current_class&quot;:&quot;bt_bb_border_top_none&quot;,&quot;def&quot;:&quot;none&quot;},&quot;bt_bb_border_bottom_&quot;:{&quot;current_class&quot;:&quot;bt_bb_border_bottom_none&quot;,&quot;def&quot;:&quot;none&quot;},&quot;bt_bb_border_right_&quot;:{&quot;current_class&quot;:&quot;bt_bb_border_right_none&quot;,&quot;def&quot;:&quot;none&quot;},&quot;bt_bb_border_left_&quot;:{&quot;current_class&quot;:&quot;bt_bb_border_left_none&quot;,&quot;def&quot;:&quot;none&quot;}}\"><div class=\"bt_bb_column_content\"><div class=\"bt_bb_column_content_inner\"><header data-bb-version=\"4.7.6\" class=\"bt_bb_headline bt_bb_subheadline_text_transform_default bt_bb_dash_none bt_bb_size_huge bt_bb_align_inherit bt_bb_margin_right_none bt_bb_animation_fade_in move_up animate btNoHeadline\" data-bt-override-class=\"{&quot;bt_bb_size_&quot;:{&quot;current_class&quot;:&quot;bt_bb_size_huge&quot;,&quot;def&quot;:&quot;huge&quot;},&quot;bt_bb_align_&quot;:{&quot;current_class&quot;:&quot;bt_bb_align_inherit&quot;,&quot;def&quot;:&quot;inherit&quot;},&quot;bt_bb_margin_right_&quot;:{&quot;current_class&quot;:&quot;bt_bb_margin_right_none&quot;,&quot;def&quot;:&quot;none&quot;}}\"><\/header><div data-bb-version=\"4.6.1\" class=\"bt_bb_separator_v2 bt_bb_border_style_none bt_bb_top_spacing_none bt_bb_bottom_spacing_none bt_bb_border_thickness_1 bt_bb_icon_size_normal bt_bb_text_size_normal bt_bb_separator_v2_without_content\" data-bt-override-class=\"{&quot;bt_bb_top_spacing_&quot;:{&quot;current_class&quot;:&quot;bt_bb_top_spacing_none&quot;,&quot;def&quot;:&quot;none&quot;},&quot;bt_bb_bottom_spacing_&quot;:{&quot;current_class&quot;:&quot;bt_bb_bottom_spacing_none&quot;,&quot;def&quot;:&quot;none&quot;},&quot;bt_bb_border_thickness_&quot;:{&quot;current_class&quot;:&quot;bt_bb_border_thickness_1&quot;,&quot;def&quot;:&quot;1&quot;},&quot;bt_bb_icon_size_&quot;:{&quot;current_class&quot;:&quot;bt_bb_icon_size_normal&quot;,&quot;def&quot;:&quot;normal&quot;},&quot;bt_bb_text_size_&quot;:{&quot;current_class&quot;:&quot;bt_bb_text_size_normal&quot;,&quot;def&quot;:&quot;normal&quot;}}\"><div class=\"bt_bb_separator_v2_inner\"><span class=\"bt_bb_separator_v2_inner_before\"><\/span><span class=\"bt_bb_separator_v2_inner_content\"><span  data-ico-=\"\" class=\"bt_bb_icon_holder\"><\/span><\/span><span class=\"bt_bb_separator_v2_inner_after\"><\/span><\/div><\/div><\/div><\/div><\/div><div data-bb-version=\"4.7.0\"  class=\"bt_bb_column col-xxl-4 col-xl-4 col-xs-12 col-sm-12 col-md-12 col-lg-4 bt_bb_vertical_align_top bt_bb_align_left bt_bb_padding_none bt_bb_border_top_none bt_bb_border_bottom_none bt_bb_border_right_none bt_bb_border_left_none bt_bb_animation_fade_in animate bt_bb_border_top_none bt_bb_border_bottom_none bt_bb_border_right_none bt_bb_border_left_none bt_bb_border_top_none bt_bb_border_bottom_none bt_bb_border_right_none bt_bb_border_left_none bt_bb_border_top_none bt_bb_border_bottom_none bt_bb_border_right_none bt_bb_border_left_none\" style=\"; --column-width:4;\" data-width=\"4\" data-bt-override-class=\"{&quot;bt_bb_align_&quot;:{&quot;current_class&quot;:&quot;bt_bb_align_left&quot;,&quot;def&quot;:&quot;left&quot;},&quot;bt_bb_padding_&quot;:{&quot;current_class&quot;:&quot;bt_bb_padding_none&quot;,&quot;def&quot;:&quot;none&quot;},&quot;bt_bb_border_top_&quot;:{&quot;current_class&quot;:&quot;bt_bb_border_top_none&quot;,&quot;def&quot;:&quot;none&quot;},&quot;bt_bb_border_bottom_&quot;:{&quot;current_class&quot;:&quot;bt_bb_border_bottom_none&quot;,&quot;def&quot;:&quot;none&quot;},&quot;bt_bb_border_right_&quot;:{&quot;current_class&quot;:&quot;bt_bb_border_right_none&quot;,&quot;def&quot;:&quot;none&quot;},&quot;bt_bb_border_left_&quot;:{&quot;current_class&quot;:&quot;bt_bb_border_left_none&quot;,&quot;def&quot;:&quot;none&quot;}}\"><div class=\"bt_bb_column_content\"><div class=\"bt_bb_column_content_inner\"><\/div><\/div><\/div><\/div><\/div><div data-bb-version=\"4.6.1\" class=\"bt_bb_row\"  data-bt-override-class=\"{}\"><div class=\"bt_bb_row_holder\" ><div data-bb-version=\"4.7.6\"  class=\"bt_bb_column col-xxl-12 col-xl-12 col-xs-12 col-sm-12 col-md-12 col-lg-12 bt_bb_vertical_align_middle bt_bb_align_left bt_bb_padding_none bt_bb_border_top_none bt_bb_border_bottom_none bt_bb_border_right_none bt_bb_border_left_none bt_bb_border_top_none bt_bb_border_bottom_none bt_bb_border_right_none bt_bb_border_left_none bt_bb_border_top_none bt_bb_border_bottom_none bt_bb_border_right_none bt_bb_border_left_none bt_bb_border_top_none bt_bb_border_bottom_none bt_bb_border_right_none bt_bb_border_left_none bt_bb_border_top_none bt_bb_border_bottom_none bt_bb_border_right_none bt_bb_border_left_none\" style=\"; --column-width:12;\" data-width=\"12\" data-bt-override-class=\"{&quot;bt_bb_align_&quot;:{&quot;current_class&quot;:&quot;bt_bb_align_left&quot;,&quot;def&quot;:&quot;left&quot;},&quot;bt_bb_padding_&quot;:{&quot;current_class&quot;:&quot;bt_bb_padding_none&quot;,&quot;def&quot;:&quot;none&quot;},&quot;bt_bb_border_top_&quot;:{&quot;current_class&quot;:&quot;bt_bb_border_top_none&quot;,&quot;def&quot;:&quot;none&quot;},&quot;bt_bb_border_bottom_&quot;:{&quot;current_class&quot;:&quot;bt_bb_border_bottom_none&quot;,&quot;def&quot;:&quot;none&quot;},&quot;bt_bb_border_right_&quot;:{&quot;current_class&quot;:&quot;bt_bb_border_right_none&quot;,&quot;def&quot;:&quot;none&quot;},&quot;bt_bb_border_left_&quot;:{&quot;current_class&quot;:&quot;bt_bb_border_left_none&quot;,&quot;def&quot;:&quot;none&quot;}}\"><div class=\"bt_bb_column_content\"><div class=\"bt_bb_column_content_inner\"><header data-bb-version=\"5.5.4\" class=\"bt_bb_headline bt_bb_superheadline_font_weight_bold bt_bb_color_scheme_1 bt_bb_dash_none bt_bb_superheadline bt_bb_subheadline bt_bb_size_large bt_bb_align_center bt_bb_margin_right_none bt_bb_animation_fade_in move_up animate bt_bb_margin_right_none bt_bb_style_gradient\" style=\"; --primary-color:var(--accent-color); --secondary-color:var(--light-color);;color:rgb(255,255,255);border-color:rgb(255,255,255);\" data-bt-override-class=\"{&quot;bt_bb_size_&quot;:{&quot;current_class&quot;:&quot;bt_bb_size_large&quot;,&quot;def&quot;:&quot;large&quot;,&quot;md&quot;:&quot;extralarge&quot;,&quot;sm&quot;:&quot;extralarge&quot;,&quot;xs&quot;:&quot;medium&quot;},&quot;bt_bb_align_&quot;:{&quot;current_class&quot;:&quot;bt_bb_align_center&quot;,&quot;def&quot;:&quot;center&quot;,&quot;md&quot;:&quot;center&quot;,&quot;sm&quot;:&quot;center&quot;,&quot;xs&quot;:&quot;center&quot;},&quot;bt_bb_margin_right_&quot;:{&quot;current_class&quot;:&quot;bt_bb_margin_right_none&quot;,&quot;def&quot;:&quot;none&quot;},&quot;bt_bb_animation_&quot;:{&quot;current_class&quot;:&quot;bt_bb_animation_fade_in move_up animate&quot;,&quot;def&quot;:&quot;fade_in move_up animate&quot;}}\"><h1 style=\"font-size:6.6vw\" class=\"bt_bb_headline_tag\"><span class=\"bt_bb_headline_superheadline\">TODOS LOS S\u00c1BADOS DE 21:30H A 23:30H<\/span><span class=\"bt_bb_headline_content\"><span>SPA NIGHT<\/span><\/span><\/h1><div class=\"bt_bb_headline_subheadline\">Nuestras instalaciones abren sus puertas en horario nocturno para ofrecerte un recorrido de puro relax bajo la luz tenue de las\u00a0velas.<br \/><br \/>\nEl murmullo del agua, la atm\u00f3sfera envolvente y una copa de cava te acompa\u00f1ar\u00e1n en este viaje sensorial dise\u00f1ado para mimar cuerpo y mente.<\/div><\/header><div data-bb-version=\"5.4.7\" class=\"bt_bb_separator_v2 bt_bb_border_style_none bt_bb_top_spacing_normal bt_bb_bottom_spacing_small bt_bb_border_thickness_1 bt_bb_icon_size_normal bt_bb_text_size_normal bt_bb_separator_v2_without_content\" data-bt-override-class=\"{&quot;bt_bb_top_spacing_&quot;:{&quot;current_class&quot;:&quot;bt_bb_top_spacing_normal&quot;,&quot;def&quot;:&quot;normal&quot;},&quot;bt_bb_bottom_spacing_&quot;:{&quot;current_class&quot;:&quot;bt_bb_bottom_spacing_small&quot;,&quot;def&quot;:&quot;small&quot;,&quot;sm&quot;:&quot;medium&quot;,&quot;xs&quot;:&quot;medium&quot;},&quot;bt_bb_border_thickness_&quot;:{&quot;current_class&quot;:&quot;bt_bb_border_thickness_1&quot;,&quot;def&quot;:&quot;1&quot;},&quot;bt_bb_icon_size_&quot;:{&quot;current_class&quot;:&quot;bt_bb_icon_size_normal&quot;,&quot;def&quot;:&quot;normal&quot;},&quot;bt_bb_text_size_&quot;:{&quot;current_class&quot;:&quot;bt_bb_text_size_normal&quot;,&quot;def&quot;:&quot;normal&quot;}}\"><div class=\"bt_bb_separator_v2_inner\"><span class=\"bt_bb_separator_v2_inner_before\"><\/span><span class=\"bt_bb_separator_v2_inner_content\"><span  data-ico-=\"\" class=\"bt_bb_icon_holder\"><\/span><\/span><span class=\"bt_bb_separator_v2_inner_after\"><\/span><\/div><\/div><div data-bb-version=\"5.4.7\" class=\"bt_bb_row_inner bt_bb_row_width_boxed_1200 bt_bb_shape_rounded\" style=\"background-color:rgba(255,255,255,0);; --inner-row-primary-color:var(--light-color); --inner-row-secondary-color:var(--light-color);\"  data-bt-override-class=\"{}\"><div class=\"bt_bb_row_inner_holder\"  ><div data-bb-version=\"4.9.1\"  class=\"bt_bb_column_inner col-xxl-6 col-xl-6 col-xs-12 col-sm-6 col-md-6 col-lg-6 bt_bb_vertical_align_top bt_bb_align_left bt_bb_padding_normal\"  data-width=\"6\" data-bt-override-class=\"{}\"><div class=\"bt_bb_column_inner_content\"><div class=\"bt_bb_column_inner_content_inner\"><header data-bb-version=\"5.5.4\" class=\"bt_bb_headline bt_bb_subheadline_text_transform_default bt_bb_dash_none bt_bb_subheadline bt_bb_size_inherit bt_bb_align_center bt_bb_style_gradient_static\" data-bt-override-class=\"{&quot;bt_bb_size_&quot;:{&quot;current_class&quot;:&quot;bt_bb_size_inherit&quot;,&quot;def&quot;:&quot;inherit&quot;},&quot;bt_bb_align_&quot;:{&quot;current_class&quot;:&quot;bt_bb_align_center&quot;,&quot;def&quot;:&quot;center&quot;}}\"><h3 class=\"bt_bb_headline_tag\"><span class=\"bt_bb_headline_content\"><span>SPA NIGHT<\/span><\/span><\/h3><div class=\"bt_bb_headline_subheadline\">GLASS OF CAVA<\/div><\/header><\/div><\/div><\/div><div data-bb-version=\"5.4.7\"  class=\"bt_bb_column_inner col-xxl-6 col-xl-6 col-xs-12 col-sm-6 col-md-6 col-lg-6 bt_bb_vertical_align_middle bt_bb_align_center bt_bb_padding_normal\"  data-width=\"6\" data-bt-override-class=\"{&quot;bt_bb_align_&quot;:{&quot;current_class&quot;:&quot;bt_bb_align_center&quot;,&quot;def&quot;:&quot;center&quot;}}\"><div class=\"bt_bb_column_inner_content\"><div class=\"bt_bb_column_inner_content_inner\"><div data-bb-version=\"5.5.4\" class=\"bt_bb_button bt_bb_color_scheme_27 bt_bb_icon_position_left bt_bb_style_filled bt_bb_size_medium bt_bb_width_inline bt_bb_shape_inherit bt_bb_target_blank bt_bb_text_transform_inherit bt_bb_align_inherit\" style=\"; --primary-color:#000; --secondary-color:#fff;\" data-bt-override-class=\"{&quot;bt_bb_size_&quot;:{&quot;current_class&quot;:&quot;bt_bb_size_medium&quot;,&quot;def&quot;:&quot;medium&quot;},&quot;bt_bb_width_&quot;:{&quot;current_class&quot;:&quot;bt_bb_width_inline&quot;,&quot;def&quot;:&quot;inline&quot;},&quot;bt_bb_align_&quot;:{&quot;current_class&quot;:&quot;bt_bb_align_inherit&quot;,&quot;def&quot;:&quot;inherit&quot;}}\"><a href=\"https:\/\/www.aquaclubtermal.com\/en\/spa-booking?utb_lang=en&amp;utb_p_reset=1&amp;utb_category_l1=5&amp;utb_category_l2=59&amp;utb_promotid=63&amp;utb_buy_variant=buy\" target=\"_blank\" class=\"bt_bb_link\" title=\"PURCHASE\"><span class=\"bt_bb_button_text\" >PURCHASE<\/span><\/a><\/div><div data-bb-version=\"5.5.4\" class=\"bt_bb_button bt_bb_color_scheme_27 bt_bb_icon_position_left bt_bb_style_filled bt_bb_size_medium bt_bb_width_inline bt_bb_shape_inherit bt_bb_target_blank bt_bb_text_transform_inherit bt_bb_align_inherit\" style=\"; --primary-color:#000; --secondary-color:#fff;\" data-bt-override-class=\"{&quot;bt_bb_size_&quot;:{&quot;current_class&quot;:&quot;bt_bb_size_medium&quot;,&quot;def&quot;:&quot;medium&quot;},&quot;bt_bb_width_&quot;:{&quot;current_class&quot;:&quot;bt_bb_width_inline&quot;,&quot;def&quot;:&quot;inline&quot;},&quot;bt_bb_align_&quot;:{&quot;current_class&quot;:&quot;bt_bb_align_inherit&quot;,&quot;def&quot;:&quot;inherit&quot;}}\"><a href=\"https:\/\/www.aquaclubtermal.com\/en\/spa-booking?utb_lang=en&amp;utb_p_reset=1&amp;utb_category_l1=5&amp;utb_category_l2=59&amp;utb_promotid=63&amp;utb_buy_variant=booking\" target=\"_blank\" class=\"bt_bb_link\" title=\"BOOK\"><span class=\"bt_bb_button_text\" >BOOK<\/span><\/a><\/div><\/div><\/div><\/div><\/div><\/div><div data-bb-version=\"5.4.7\" class=\"bt_bb_separator_v2 bt_bb_border_style_none bt_bb_top_spacing_none bt_bb_bottom_spacing_normal bt_bb_border_thickness_1 bt_bb_icon_size_normal bt_bb_text_size_normal bt_bb_separator_v2_without_content\" data-bt-override-class=\"{&quot;bt_bb_top_spacing_&quot;:{&quot;current_class&quot;:&quot;bt_bb_top_spacing_none&quot;,&quot;def&quot;:&quot;none&quot;},&quot;bt_bb_bottom_spacing_&quot;:{&quot;current_class&quot;:&quot;bt_bb_bottom_spacing_normal&quot;,&quot;def&quot;:&quot;normal&quot;,&quot;sm&quot;:&quot;medium&quot;,&quot;xs&quot;:&quot;medium&quot;},&quot;bt_bb_border_thickness_&quot;:{&quot;current_class&quot;:&quot;bt_bb_border_thickness_1&quot;,&quot;def&quot;:&quot;1&quot;},&quot;bt_bb_icon_size_&quot;:{&quot;current_class&quot;:&quot;bt_bb_icon_size_normal&quot;,&quot;def&quot;:&quot;normal&quot;},&quot;bt_bb_text_size_&quot;:{&quot;current_class&quot;:&quot;bt_bb_text_size_normal&quot;,&quot;def&quot;:&quot;normal&quot;}}\"><div class=\"bt_bb_separator_v2_inner\"><span class=\"bt_bb_separator_v2_inner_before\"><\/span><span class=\"bt_bb_separator_v2_inner_content\"><span  data-ico-=\"\" class=\"bt_bb_icon_holder\"><\/span><\/span><span class=\"bt_bb_separator_v2_inner_after\"><\/span><\/div><\/div><div data-bb-version=\"5.4.7\" class=\"bt_bb_row_inner bt_bb_row_width_boxed_1200 bt_bb_shape_rounded\" style=\"background-color:rgba(255,255,255,0);; --inner-row-primary-color:var(--light-color); --inner-row-secondary-color:var(--light-color);\"  data-bt-override-class=\"{}\"><div class=\"bt_bb_row_inner_holder\"  ><div data-bb-version=\"4.9.1\"  class=\"bt_bb_column_inner col-xxl-6 col-xl-6 col-xs-12 col-sm-6 col-md-6 col-lg-6 bt_bb_vertical_align_top bt_bb_align_left bt_bb_padding_normal\"  data-width=\"6\" data-bt-override-class=\"{}\"><div class=\"bt_bb_column_inner_content\"><div class=\"bt_bb_column_inner_content_inner\"><header data-bb-version=\"5.5.4\" class=\"bt_bb_headline bt_bb_subheadline_text_transform_default bt_bb_dash_none bt_bb_subheadline bt_bb_size_inherit bt_bb_align_center\" data-bt-override-class=\"{&quot;bt_bb_size_&quot;:{&quot;current_class&quot;:&quot;bt_bb_size_inherit&quot;,&quot;def&quot;:&quot;inherit&quot;},&quot;bt_bb_align_&quot;:{&quot;current_class&quot;:&quot;bt_bb_align_center&quot;,&quot;def&quot;:&quot;center&quot;}}\"><h3 class=\"bt_bb_headline_tag\"><span class=\"bt_bb_headline_content\"><span>SPA NIGHT VIP<\/span><\/span><\/h3><div class=\"bt_bb_headline_subheadline\">BALINESE BED + GLASS OF CAVA + CHOCOLATES<\/div><\/header><\/div><\/div><\/div><div data-bb-version=\"5.4.7\"  class=\"bt_bb_column_inner col-xxl-6 col-xl-6 col-xs-12 col-sm-6 col-md-6 col-lg-6 bt_bb_vertical_align_middle bt_bb_align_center bt_bb_padding_normal\"  data-width=\"6\" data-bt-override-class=\"{&quot;bt_bb_align_&quot;:{&quot;current_class&quot;:&quot;bt_bb_align_center&quot;,&quot;def&quot;:&quot;center&quot;}}\"><div class=\"bt_bb_column_inner_content\"><div class=\"bt_bb_column_inner_content_inner\"><div data-bb-version=\"5.5.4\" class=\"bt_bb_button bt_bb_color_scheme_27 bt_bb_icon_position_left bt_bb_style_filled bt_bb_size_medium bt_bb_width_inline bt_bb_shape_inherit bt_bb_target_blank bt_bb_text_transform_inherit bt_bb_align_inherit\" style=\"; --primary-color:#000; --secondary-color:#fff;\" data-bt-override-class=\"{&quot;bt_bb_size_&quot;:{&quot;current_class&quot;:&quot;bt_bb_size_medium&quot;,&quot;def&quot;:&quot;medium&quot;},&quot;bt_bb_width_&quot;:{&quot;current_class&quot;:&quot;bt_bb_width_inline&quot;,&quot;def&quot;:&quot;inline&quot;},&quot;bt_bb_align_&quot;:{&quot;current_class&quot;:&quot;bt_bb_align_inherit&quot;,&quot;def&quot;:&quot;inherit&quot;},&quot;bt_bb_animation_&quot;:{&quot;current_class&quot;:&quot;bt_bb_animation_no_animation&quot;,&quot;def&quot;:&quot;no_animation&quot;}}\"><a href=\"https:\/\/www.aquaclubtermal.com\/en\/spa-booking?utb_lang=en&amp;utb_p_reset=1&amp;utb_category_l1=5&amp;utb_category_l2=59&amp;utb_promotid=742&amp;utb_buy_variant=buy\" target=\"_blank\" class=\"bt_bb_link\" title=\"PURCHASE\"><span class=\"bt_bb_button_text\" >PURCHASE<\/span><\/a><\/div><div data-bb-version=\"5.5.4\" class=\"bt_bb_button bt_bb_color_scheme_27 bt_bb_icon_position_left bt_bb_style_filled bt_bb_size_medium bt_bb_width_inline bt_bb_shape_inherit bt_bb_target_blank bt_bb_text_transform_inherit bt_bb_align_inherit\" style=\"; --primary-color:#000; --secondary-color:#fff;\" data-bt-override-class=\"{&quot;bt_bb_size_&quot;:{&quot;current_class&quot;:&quot;bt_bb_size_medium&quot;,&quot;def&quot;:&quot;medium&quot;},&quot;bt_bb_width_&quot;:{&quot;current_class&quot;:&quot;bt_bb_width_inline&quot;,&quot;def&quot;:&quot;inline&quot;},&quot;bt_bb_align_&quot;:{&quot;current_class&quot;:&quot;bt_bb_align_inherit&quot;,&quot;def&quot;:&quot;inherit&quot;},&quot;bt_bb_animation_&quot;:{&quot;current_class&quot;:&quot;bt_bb_animation_no_animation&quot;,&quot;def&quot;:&quot;no_animation&quot;}}\"><a href=\"https:\/\/www.aquaclubtermal.com\/en\/spa-booking?utb_lang=en&amp;utb_p_reset=1&amp;utb_category_l1=5&amp;utb_category_l2=59&amp;utb_promotid=742&amp;utb_buy_variant=booking\" target=\"_blank\" class=\"bt_bb_link\" title=\"BOOK\"><span class=\"bt_bb_button_text\" >BOOK<\/span><\/a><\/div><\/div><\/div><\/div><\/div><\/div><div data-bb-version=\"5.4.7\" class=\"bt_bb_separator_v2 bt_bb_border_style_none bt_bb_top_spacing_medium bt_bb_bottom_spacing_small bt_bb_border_thickness_1 bt_bb_icon_size_normal bt_bb_text_size_normal bt_bb_separator_v2_without_content\" data-bt-override-class=\"{&quot;bt_bb_top_spacing_&quot;:{&quot;current_class&quot;:&quot;bt_bb_top_spacing_medium&quot;,&quot;def&quot;:&quot;medium&quot;},&quot;bt_bb_bottom_spacing_&quot;:{&quot;current_class&quot;:&quot;bt_bb_bottom_spacing_small&quot;,&quot;def&quot;:&quot;small&quot;,&quot;sm&quot;:&quot;medium&quot;,&quot;xs&quot;:&quot;medium&quot;},&quot;bt_bb_border_thickness_&quot;:{&quot;current_class&quot;:&quot;bt_bb_border_thickness_1&quot;,&quot;def&quot;:&quot;1&quot;},&quot;bt_bb_icon_size_&quot;:{&quot;current_class&quot;:&quot;bt_bb_icon_size_normal&quot;,&quot;def&quot;:&quot;normal&quot;},&quot;bt_bb_text_size_&quot;:{&quot;current_class&quot;:&quot;bt_bb_text_size_normal&quot;,&quot;def&quot;:&quot;normal&quot;}}\"><div class=\"bt_bb_separator_v2_inner\"><span class=\"bt_bb_separator_v2_inner_before\"><\/span><span class=\"bt_bb_separator_v2_inner_content\"><span  data-ico-=\"\" class=\"bt_bb_icon_holder\"><\/span><\/span><span class=\"bt_bb_separator_v2_inner_after\"><\/span><\/div><\/div><\/div><\/div><\/div><\/div><\/div><\/div><!-- cell_inner --><\/div><!-- cell --><\/div><!-- port --><\/section>","protected":false},"excerpt":{"rendered":"","protected":false},"author":1,"featured_media":0,"parent":0,"menu_order":0,"comment_status":"closed","ping_status":"closed","template":"","meta":{"_monsterinsights_skip_tracking":false,"_monsterinsights_sitenote_active":false,"_monsterinsights_sitenote_note":"","_monsterinsights_sitenote_category":0,"footnotes":""},"class_list":["post-6363","page","type-page","status-publish","hentry"],"_links":{"self":[{"href":"https:\/\/aquaclubtermal.com\/en\/wp-json\/wp\/v2\/pages\/6363","targetHints":{"allow":["GET"]}}],"collection":[{"href":"https:\/\/aquaclubtermal.com\/en\/wp-json\/wp\/v2\/pages"}],"about":[{"href":"https:\/\/aquaclubtermal.com\/en\/wp-json\/wp\/v2\/types\/page"}],"author":[{"embeddable":true,"href":"https:\/\/aquaclubtermal.com\/en\/wp-json\/wp\/v2\/users\/1"}],"replies":[{"embeddable":true,"href":"https:\/\/aquaclubtermal.com\/en\/wp-json\/wp\/v2\/comments?post=6363"}],"version-history":[{"count":10,"href":"https:\/\/aquaclubtermal.com\/en\/wp-json\/wp\/v2\/pages\/6363\/revisions"}],"predecessor-version":[{"id":6382,"href":"https:\/\/aquaclubtermal.com\/en\/wp-json\/wp\/v2\/pages\/6363\/revisions\/6382"}],"wp:attachment":[{"href":"https:\/\/aquaclubtermal.com\/en\/wp-json\/wp\/v2\/media?parent=6363"}],"curies":[{"name":"wp","href":"https:\/\/api.w.org\/{rel}","templated":true}]}}